{"id":1739,"date":"2023-12-13T16:27:21","date_gmt":"2023-12-13T15:27:21","guid":{"rendered":"https:\/\/mc-netz.de\/otisk\/"},"modified":"2026-03-09T11:59:22","modified_gmt":"2026-03-09T10:59:22","slug":"otisk","status":"publish","type":"page","link":"https:\/\/mc-netz.de\/cs\/otisk\/","title":{"rendered":"Otisk"},"content":{"rendered":"\t\t<div data-elementor-type=\"wp-page\" data-elementor-id=\"1739\" class=\"elementor elementor-1739 elementor-954\" data-elementor-post-type=\"page\">\n\t\t\t\t<div class=\"elementor-element elementor-element-616325c e-flex e-con-boxed e-con e-parent\" data-id=\"616325c\" data-element_type=\"container\" data-e-type=\"container\">\n\t\t\t\t\t<div class=\"e-con-inner\">\n\t\t\t\t<div class=\"elementor-element elementor-element-556d2ff elementor-widget elementor-widget-spacer\" data-id=\"556d2ff\" data-element_type=\"widget\" data-e-type=\"widget\" data-widget_type=\"spacer.default\">\n\t\t\t\t<div class=\"elementor-widget-container\">\n\t\t\t\t\t\t\t<div class=\"elementor-spacer\">\n\t\t\t<div class=\"elementor-spacer-inner\"><\/div>\n\t\t<\/div>\n\t\t\t\t\t\t<\/div>\n\t\t\t\t<\/div>\n\t\t\t\t<div class=\"elementor-element elementor-element-b26f9ed elementor-widget elementor-widget-erecht24\" data-id=\"b26f9ed\" data-element_type=\"widget\" data-e-type=\"widget\" data-widget_type=\"erecht24.default\">\n\t\t\t\t<div class=\"elementor-widget-container\">\n\t\t\t\t\t<div class=\"erecht24-elementor-widget\"><div style=\"word-wrap: break-word;\"><h1>Impressum<\/h1>\n\n<p>Wirtschaftsf&ouml;rderungsgesellschaft im Landkreis Cham mbH<br \/>\nRachelstr. 6<br \/>\n93413 Cham<\/p>\n\n<p>Handelsregister: HRB6334<br \/>\nRegistergericht: Regensburg<\/p>\n\n<p><strong>Vertreten durch:<\/strong><br \/>\nKlaus Schedlbauer, Sandra Wanninger<\/p>\n\n<h2>Kontakt<\/h2>\n<p>Telefon: +49 (0) 99 71 \/ 78-440<br \/>\nTelefax: +49 (0) 99 71 \/ 845-440<br \/>\nE-Mail: info@igz-cham.de<\/p>\n\n<h2>Umsatzsteuer-ID<\/h2>\n<p>Umsatzsteuer-Identifikationsnummer gem&auml;&szlig; &sect; 27 a Umsatzsteuergesetz:<br \/>\nDE180065573<\/p>\n\n<h2>Verbraucher&shy;streit&shy;beilegung\/Universal&shy;schlichtungs&shy;stelle<\/h2>\n<p>Wir sind nicht bereit oder verpflichtet, an Streitbeilegungsverfahren vor einer Verbraucherschlichtungsstelle teilzunehmen.<\/p><\/div><\/div>\t\t\t\t<\/div>\n\t\t\t\t<\/div>\n\t\t\t\t<div class=\"elementor-element elementor-element-07e806c elementor-widget elementor-widget-text-editor\" data-id=\"07e806c\" data-element_type=\"widget\" data-e-type=\"widget\" data-widget_type=\"text-editor.default\">\n\t\t\t\t<div class=\"elementor-widget-container\">\n\t\t\t\t\t\t\t\t\t<h4>Zdroje pou\u017eit\u00fdch obr\u00e1zk\u016f, grafiky a vide\u00ed<\/h4><ul><li style=\"list-style-type: none;\"><ul><li>IGZ Cham (agentura pro rozvoj podnik\u00e1n\u00ed v okrese Cham mbH)<\/li><li>Fotografie: \u00a9 Ulli Frisch<\/li><li>www.u-t-g.de (video na YouTube: &#8222;Prezentace centra pro zav\u00e1d\u011bn\u00ed environment\u00e1ln\u00edch technologi\u00ed&#8220;)<\/li><li>www.youtube.com: \u00a9 Harry G; \u00a9 UTG;<\/li><li>Adobe Stock: xiaoliangge<\/li><li>Adobe Stock: IM Imagery<\/li><\/ul><\/li><\/ul>\t\t\t\t\t\t\t\t<\/div>\n\t\t\t\t<\/div>\n\t\t\t\t\t<\/div>\n\t\t\t\t<\/div>\n\t\t\t\t<\/div>\n\t\t","protected":false},"excerpt":{"rendered":"<p>Impressum Wirtschaftsf&ouml;rderungsgesellschaft im Landkreis Cham mbH Rachelstr. 6 93413 Cham Handelsregister: HRB6334 Registergericht: Regensburg Vertreten durch: Klaus Schedlbauer, Sandra Wanninger Kontakt Telefon: +49 (0) 99 71 \/ 78-440 Telefax: +49 (0) 99 71 \/ 845-440 E-Mail: info@igz-cham.de Umsatzsteuer-ID Umsatzsteuer-Identifikationsnummer gem&auml;&szlig; &sect; 27 a Umsatzsteuergesetz: DE180065573 Verbraucher&shy;streit&shy;beilegung\/Universal&shy;schlichtungs&shy;stelle Wir sind nicht bereit oder verpflichtet, an Streitbeilegungsverfahren vor [&hellip;]<\/p>\n","protected":false},"author":1,"featured_media":0,"parent":0,"menu_order":0,"comment_status":"closed","ping_status":"closed","template":"","meta":{"_acf_changed":false,"footnotes":""},"class_list":["post-1739","page","type-page","status-publish","hentry"],"acf":[],"_links":{"self":[{"href":"https:\/\/mc-netz.de\/cs\/wp-json\/wp\/v2\/pages\/1739","targetHints":{"allow":["GET"]}}],"collection":[{"href":"https:\/\/mc-netz.de\/cs\/wp-json\/wp\/v2\/pages"}],"about":[{"href":"https:\/\/mc-netz.de\/cs\/wp-json\/wp\/v2\/types\/page"}],"author":[{"embeddable":true,"href":"https:\/\/mc-netz.de\/cs\/wp-json\/wp\/v2\/users\/1"}],"replies":[{"embeddable":true,"href":"https:\/\/mc-netz.de\/cs\/wp-json\/wp\/v2\/comments?post=1739"}],"version-history":[{"count":6,"href":"https:\/\/mc-netz.de\/cs\/wp-json\/wp\/v2\/pages\/1739\/revisions"}],"predecessor-version":[{"id":2886,"href":"https:\/\/mc-netz.de\/cs\/wp-json\/wp\/v2\/pages\/1739\/revisions\/2886"}],"wp:attachment":[{"href":"https:\/\/mc-netz.de\/cs\/wp-json\/wp\/v2\/media?parent=1739"}],"curies":[{"name":"wp","href":"https:\/\/api.w.org\/{rel}","templated":true}]}}