{"id":1715,"date":"2023-11-28T09:55:14","date_gmt":"2023-11-28T08:55:14","guid":{"rendered":"https:\/\/mc-netz.de\/clenove-a-partneri-odborna-sit-ve-vychodnim-bavorsku\/"},"modified":"2024-01-08T13:58:41","modified_gmt":"2024-01-08T12:58:41","slug":"clenove-a-partneri-odborna-sit-ve-vychodnim-bavorsku","status":"publish","type":"page","link":"https:\/\/mc-netz.de\/cs\/clenove-a-partneri-odborna-sit-ve-vychodnim-bavorsku\/","title":{"rendered":"\u010clenov\u00e9 a partne\u0159i &#8211; Odborn\u00e1 s\u00ed\u0165 ve v\u00fdchodn\u00edm Bavorsku"},"content":{"rendered":"\t\t<div data-elementor-type=\"wp-page\" data-elementor-id=\"1715\" class=\"elementor elementor-1715 elementor-447\" data-elementor-post-type=\"page\">\n\t\t\t\t<div class=\"elementor-element elementor-element-307042f e-flex e-con-boxed e-con e-parent\" data-id=\"307042f\" data-element_type=\"container\" data-e-type=\"container\">\n\t\t\t\t\t<div class=\"e-con-inner\">\n\t\t\t\t<div class=\"elementor-element elementor-element-e63d3bf elementor-widget elementor-widget-heading\" data-id=\"e63d3bf\" data-element_type=\"widget\" data-e-type=\"widget\" data-widget_type=\"heading.default\">\n\t\t\t\t<div class=\"elementor-widget-container\">\n\t\t\t\t\t<h2 class=\"elementor-heading-title elementor-size-default\">V roce 1999 p\u0159edlo\u017eil okres Cham v r\u00e1mci ofenz\u00edvy bavorsk\u00e9 zemsk\u00e9 vl\u00e1dy v oblasti \u0161pi\u010dkov\u00fdch technologi\u00ed projekt kompeten\u010dn\u00ed s\u00edt\u011b mechatroniky, kter\u00fd byl renomovanou poradenskou firmou Artuhr d' Little vyhodnocen jako jeden z nejlep\u0161\u00edch projekt\u016f.  <\/h2>\t\t\t\t<\/div>\n\t\t\t\t<\/div>\n\t\t\t\t\t<\/div>\n\t\t\t\t<\/div>\n\t\t<div class=\"elementor-element elementor-element-70c84f7 e-flex e-con-boxed e-con e-parent\" data-id=\"70c84f7\" data-element_type=\"container\" data-e-type=\"container\">\n\t\t\t\t\t<div class=\"e-con-inner\">\n\t\t<div class=\"elementor-element elementor-element-0316fee e-con-full e-flex e-con e-child\" data-id=\"0316fee\" data-element_type=\"container\" data-e-type=\"container\">\n\t\t\t\t<div class=\"elementor-element elementor-element-957a80b elementor-widget elementor-widget-text-editor\" data-id=\"957a80b\" data-element_type=\"widget\" data-e-type=\"widget\" data-widget_type=\"text-editor.default\">\n\t\t\t\t<div class=\"elementor-widget-container\">\n\t\t\t\t\t\t\t\t\t<h5><strong>Sta\u0148te se partnerem<\/strong><\/h5>\n<p>Chcete-li se st\u00e1t partnerem s\u00edt\u011b kompetenc\u00ed pro mechatroniku ve v\u00fdchodn\u00edm Bavorsku, kontaktujte na\u0161e <a href=\"https:\/\/mc-netz.de\/deDE\/Partner-werden-p-31231-60.html\">kontaktn\u00ed osoby<\/a>.<\/p>\n\t\t\t\t\t\t\t\t<\/div>\n\t\t\t\t<\/div>\n\t\t\t\t<div class=\"elementor-element elementor-element-7d9f983 elementor-widget-divider--view-line elementor-widget elementor-widget-divider\" data-id=\"7d9f983\" data-element_type=\"widget\" data-e-type=\"widget\" data-widget_type=\"divider.default\">\n\t\t\t\t<div class=\"elementor-widget-container\">\n\t\t\t\t\t\t\t<div class=\"elementor-divider\">\n\t\t\t<span class=\"elementor-divider-separator\">\n\t\t\t\t\t\t<\/span>\n\t\t<\/div>\n\t\t\t\t\t\t<\/div>\n\t\t\t\t<\/div>\n\t\t\t\t<div class=\"elementor-element elementor-element-a0a2a21 elementor-widget elementor-widget-text-editor\" data-id=\"a0a2a21\" data-element_type=\"widget\" data-e-type=\"widget\" data-widget_type=\"text-editor.default\">\n\t\t\t\t<div class=\"elementor-widget-container\">\n\t\t\t\t\t\t\t\t\t<h5><strong>Sta\u0148te se \u010dlenem<\/strong><\/h5>\n<p>Chcete-li se st\u00e1t \u010dlenem kompeten\u010dn\u00ed s\u00edt\u011b pro mechatroniku ve v\u00fdchodn\u00edm Bavorsku, obra\u0165te <a href=\"https:\/\/mc-netz.de\/deDE\/Mitglied-werden-p-31229-10.html\">se na<\/a> na\u0161e <a href=\"https:\/\/mc-netz.de\/deDE\/Mitglied-werden-p-31229-10.html\">kontaktn\u00ed osoby<\/a>.<\/p>\n\t\t\t\t\t\t\t\t<\/div>\n\t\t\t\t<\/div>\n\t\t\t\t<\/div>\n\t\t<div class=\"elementor-element elementor-element-06f270e e-con-full e-flex e-con e-child\" data-id=\"06f270e\" data-element_type=\"container\" data-e-type=\"container\">\n\t\t\t\t<div class=\"elementor-element elementor-element-7cd29e5 elementor-widget elementor-widget-heading\" data-id=\"7cd29e5\" data-element_type=\"widget\" data-e-type=\"widget\" data-widget_type=\"heading.default\">\n\t\t\t\t<div class=\"elementor-widget-container\">\n\t\t\t\t\t<h4 class=\"elementor-heading-title elementor-size-default\">P\u0159ehled sou\u010dasn\u00fdch partner\u016f a \u010dlen\u016f<\/h4>\t\t\t\t<\/div>\n\t\t\t\t<\/div>\n\t\t\t\t<div class=\"elementor-element elementor-element-b921bab elementor-widget elementor-widget-text-editor\" data-id=\"b921bab\" data-element_type=\"widget\" data-e-type=\"widget\" data-widget_type=\"text-editor.default\">\n\t\t\t\t<div class=\"elementor-widget-container\">\n\t\t\t\t\t\t\t\t\t<p><a href=\"https:\/\/mc-netz.de\/wp-content\/uploads\/2023\/12\/MC_Mitgliederflyer_11_23.pdf\" target=\"_blank\" rel=\"noopener\">\u010clenov\u00e9 a partne\u0159i v s\u00edti kompetenc\u00ed (k roku 2023)<\/a><\/p>\n\t\t\t\t\t\t\t\t<\/div>\n\t\t\t\t<\/div>\n\t\t\t\t<div class=\"elementor-element elementor-element-2cb8884 elementor-widget elementor-widget-image\" data-id=\"2cb8884\" data-element_type=\"widget\" data-e-type=\"widget\" data-widget_type=\"image.default\">\n\t\t\t\t<div class=\"elementor-widget-container\">\n\t\t\t\t\t\t\t\t\t\t\t\t\t\t\t<img decoding=\"async\" src=\"https:\/\/mc-netz.de\/wp-content\/uploads\/2023\/12\/mc-netz-verbundlogo.png\" title=\"\" alt=\"\" loading=\"lazy\" \/>\t\t\t\t\t\t\t\t\t\t\t\t\t\t\t<\/div>\n\t\t\t\t<\/div>\n\t\t\t\t<\/div>\n\t\t\t\t\t<\/div>\n\t\t\t\t<\/div>\n\t\t<div class=\"elementor-element elementor-element-a180beb e-flex e-con-boxed e-con e-parent\" data-id=\"a180beb\" data-element_type=\"container\" data-e-type=\"container\">\n\t\t\t\t\t<div class=\"e-con-inner\">\n\t\t\t\t\t<\/div>\n\t\t\t\t<\/div>\n\t\t\t\t<\/div>\n\t\t","protected":false},"excerpt":{"rendered":"<p>V roce 1999 p\u0159edlo\u017eil okres Cham v r\u00e1mci ofenz\u00edvy bavorsk\u00e9 zemsk\u00e9 vl\u00e1dy v oblasti \u0161pi\u010dkov\u00fdch technologi\u00ed projekt kompeten\u010dn\u00ed s\u00edt\u011b mechatroniky, kter\u00fd byl renomovanou poradenskou firmou Artuhr d&#8216; Little vyhodnocen jako jeden z nejlep\u0161\u00edch projekt\u016f. Sta\u0148te se partnerem Chcete-li se st\u00e1t partnerem s\u00edt\u011b kompetenc\u00ed pro mechatroniku ve v\u00fdchodn\u00edm Bavorsku, kontaktujte na\u0161e kontaktn\u00ed osoby. Sta\u0148te se \u010dlenem [&hellip;]<\/p>\n","protected":false},"author":1,"featured_media":0,"parent":0,"menu_order":0,"comment_status":"closed","ping_status":"closed","template":"","meta":{"_acf_changed":false,"footnotes":""},"class_list":["post-1715","page","type-page","status-publish","hentry"],"acf":[],"_links":{"self":[{"href":"https:\/\/mc-netz.de\/cs\/wp-json\/wp\/v2\/pages\/1715","targetHints":{"allow":["GET"]}}],"collection":[{"href":"https:\/\/mc-netz.de\/cs\/wp-json\/wp\/v2\/pages"}],"about":[{"href":"https:\/\/mc-netz.de\/cs\/wp-json\/wp\/v2\/types\/page"}],"author":[{"embeddable":true,"href":"https:\/\/mc-netz.de\/cs\/wp-json\/wp\/v2\/users\/1"}],"replies":[{"embeddable":true,"href":"https:\/\/mc-netz.de\/cs\/wp-json\/wp\/v2\/comments?post=1715"}],"version-history":[{"count":1,"href":"https:\/\/mc-netz.de\/cs\/wp-json\/wp\/v2\/pages\/1715\/revisions"}],"predecessor-version":[{"id":1718,"href":"https:\/\/mc-netz.de\/cs\/wp-json\/wp\/v2\/pages\/1715\/revisions\/1718"}],"wp:attachment":[{"href":"https:\/\/mc-netz.de\/cs\/wp-json\/wp\/v2\/media?parent=1715"}],"curies":[{"name":"wp","href":"https:\/\/api.w.org\/{rel}","templated":true}]}}