{"id":1700,"date":"2023-11-28T09:56:45","date_gmt":"2023-11-28T08:56:45","guid":{"rendered":"https:\/\/mc-netz.de\/stante-se-partnerem\/"},"modified":"2024-01-08T13:58:37","modified_gmt":"2024-01-08T12:58:37","slug":"stante-se-partnerem","status":"publish","type":"page","link":"https:\/\/mc-netz.de\/cs\/stante-se-partnerem\/","title":{"rendered":"Sta\u0148te se partnerem"},"content":{"rendered":"\t\t<div data-elementor-type=\"wp-page\" data-elementor-id=\"1700\" class=\"elementor elementor-1700 elementor-453\" data-elementor-post-type=\"page\">\n\t\t\t\t<div class=\"elementor-element elementor-element-7161652c e-flex e-con-boxed e-con e-parent\" data-id=\"7161652c\" data-element_type=\"container\" data-e-type=\"container\">\n\t\t\t\t\t<div class=\"e-con-inner\">\n\t\t\t\t<div class=\"elementor-element elementor-element-64900cee elementor-widget elementor-widget-text-editor\" data-id=\"64900cee\" data-element_type=\"widget\" data-e-type=\"widget\" data-widget_type=\"text-editor.default\">\n\t\t\t\t<div class=\"elementor-widget-container\">\n\t\t\t\t\t\t\t\t\t\n<h3 class=\"wp-block-heading\"><\/h3>\n\t\t\t\t\t\t\t\t<\/div>\n\t\t\t\t<\/div>\n\t\t\t\t\t<\/div>\n\t\t\t\t<\/div>\n\t\t<div class=\"elementor-element elementor-element-042faf1 e-flex e-con-boxed e-con e-parent\" data-id=\"042faf1\" data-element_type=\"container\" data-e-type=\"container\">\n\t\t\t\t\t<div class=\"e-con-inner\">\n\t\t\t\t<div class=\"elementor-element elementor-element-ea22dd5 elementor-widget elementor-widget-heading\" data-id=\"ea22dd5\" data-element_type=\"widget\" data-e-type=\"widget\" data-widget_type=\"heading.default\">\n\t\t\t\t<div class=\"elementor-widget-container\">\n\t\t\t\t\t<h2 class=\"elementor-heading-title elementor-size-default\">St\u00e1t se partnerem s\u00edt\u011b kompetenc\u00ed v oblasti mechatroniky ve v\u00fdchodn\u00edm Bavorsku,\nkontaktujte pros\u00edm na\u0161i kontaktn\u00ed osobu<\/h2>\t\t\t\t<\/div>\n\t\t\t\t<\/div>\n\t\t\t\t\t<\/div>\n\t\t\t\t<\/div>\n\t\t<div class=\"elementor-element elementor-element-8fab9ef e-flex e-con-boxed e-con e-parent\" data-id=\"8fab9ef\" data-element_type=\"container\" data-e-type=\"container\">\n\t\t\t\t\t<div class=\"e-con-inner\">\n\t\t<div class=\"elementor-element elementor-element-f8bd283 e-con-full e-flex e-con e-child\" data-id=\"f8bd283\" data-element_type=\"container\" data-e-type=\"container\">\n\t\t\t\t<div class=\"elementor-element elementor-element-a753e0a elementor-widget elementor-widget-text-editor\" data-id=\"a753e0a\" data-element_type=\"widget\" data-e-type=\"widget\" data-widget_type=\"text-editor.default\">\n\t\t\t\t<div class=\"elementor-widget-container\">\n\t\t\t\t\t\t\t\t\t<h5><strong>V\u00fdkonn\u00fd \u0159editel | \u0158\u00edzen\u00ed projekt\u016f<\/strong><br \/><strong>M. SC. Dipl.-Ing. Klaus Schedlbauer<\/strong><\/h5>\n\t\t\t\t\t\t\t\t<\/div>\n\t\t\t\t<\/div>\n\t\t\t\t<div class=\"elementor-element elementor-element-c627ddb elementor-icon-list--layout-traditional elementor-list-item-link-full_width elementor-widget elementor-widget-icon-list\" data-id=\"c627ddb\" data-element_type=\"widget\" data-e-type=\"widget\" data-widget_type=\"icon-list.default\">\n\t\t\t\t<div class=\"elementor-widget-container\">\n\t\t\t\t\t\t\t<ul class=\"elementor-icon-list-items\">\n\t\t\t\t\t\t\t<li class=\"elementor-icon-list-item\">\n\t\t\t\t\t\t\t\t\t\t\t<span class=\"elementor-icon-list-icon\">\n\t\t\t\t\t\t\t<i aria-hidden=\"true\" class=\"fas fa-phone-alt\"><\/i>\t\t\t\t\t\t<\/span>\n\t\t\t\t\t\t\t\t\t\t<span class=\"elementor-icon-list-text\">0 99 71 \/ 7 84 40<\/span>\n\t\t\t\t\t\t\t\t\t<\/li>\n\t\t\t\t\t\t\t\t<li class=\"elementor-icon-list-item\">\n\t\t\t\t\t\t\t\t\t\t\t<span class=\"elementor-icon-list-icon\">\n\t\t\t\t\t\t\t<i aria-hidden=\"true\" class=\"far fa-envelope\"><\/i>\t\t\t\t\t\t<\/span>\n\t\t\t\t\t\t\t\t\t\t<span class=\"elementor-icon-list-text\">klaus.schedlbauer@lra.landkreis-cham.de<\/span>\n\t\t\t\t\t\t\t\t\t<\/li>\n\t\t\t\t\t\t<\/ul>\n\t\t\t\t\t\t<\/div>\n\t\t\t\t<\/div>\n\t\t\t\t<\/div>\n\t\t<div class=\"elementor-element elementor-element-c74ed96 e-con-full e-flex e-con e-child\" data-id=\"c74ed96\" data-element_type=\"container\" data-e-type=\"container\">\n\t\t\t\t<div class=\"elementor-element elementor-element-a3367e5 elementor-widget elementor-widget-text-editor\" data-id=\"a3367e5\" data-element_type=\"widget\" data-e-type=\"widget\" data-widget_type=\"text-editor.default\">\n\t\t\t\t<div class=\"elementor-widget-container\">\n\t\t\t\t\t\t\t\t\t<p>Zde naleznete prohl\u00e1\u0161en\u00ed o partnerstv\u00ed pro s\u00ed\u0165 kompetenc\u00ed v oblasti mechatroniky ve v\u00fdchodn\u00edm Bavorsku:<\/p>\n\t\t\t\t\t\t\t\t<\/div>\n\t\t\t\t<\/div>\n\t\t\t\t<div class=\"elementor-element elementor-element-93d8341 elementor-view-default elementor-widget elementor-widget-icon\" data-id=\"93d8341\" data-element_type=\"widget\" data-e-type=\"widget\" data-widget_type=\"icon.default\">\n\t\t\t\t<div class=\"elementor-widget-container\">\n\t\t\t\t\t\t\t<div class=\"elementor-icon-wrapper\">\n\t\t\t<a class=\"elementor-icon\" href=\"https:\/\/mc-netz.de\/wp-content\/uploads\/2023\/11\/Partnerschaftserklaerung_Mechatronik_Netzwerk_2010.pdf\">\n\t\t\t<i aria-hidden=\"true\" class=\"far fa-file-pdf\"><\/i>\t\t\t<\/a>\n\t\t<\/div>\n\t\t\t\t\t\t<\/div>\n\t\t\t\t<\/div>\n\t\t\t\t<\/div>\n\t\t\t\t\t<\/div>\n\t\t\t\t<\/div>\n\t\t\t\t<\/div>\n\t\t","protected":false},"excerpt":{"rendered":"<p>St\u00e1t se partnerem s\u00edt\u011b kompetenc\u00ed v oblasti mechatroniky ve v\u00fdchodn\u00edm Bavorsku, kontaktujte pros\u00edm na\u0161i kontaktn\u00ed osobu V\u00fdkonn\u00fd \u0159editel | \u0158\u00edzen\u00ed projekt\u016fM. SC. Dipl.-Ing. Klaus Schedlbauer 0 99 71 \/ 7 84 40 klaus.schedlbauer@lra.landkreis-cham.de Zde naleznete prohl\u00e1\u0161en\u00ed o partnerstv\u00ed pro s\u00ed\u0165 kompetenc\u00ed v oblasti mechatroniky ve v\u00fdchodn\u00edm Bavorsku:<\/p>\n","protected":false},"author":1,"featured_media":0,"parent":0,"menu_order":0,"comment_status":"closed","ping_status":"closed","template":"","meta":{"_acf_changed":false,"footnotes":""},"class_list":["post-1700","page","type-page","status-publish","hentry"],"acf":[],"_links":{"self":[{"href":"https:\/\/mc-netz.de\/cs\/wp-json\/wp\/v2\/pages\/1700","targetHints":{"allow":["GET"]}}],"collection":[{"href":"https:\/\/mc-netz.de\/cs\/wp-json\/wp\/v2\/pages"}],"about":[{"href":"https:\/\/mc-netz.de\/cs\/wp-json\/wp\/v2\/types\/page"}],"author":[{"embeddable":true,"href":"https:\/\/mc-netz.de\/cs\/wp-json\/wp\/v2\/users\/1"}],"replies":[{"embeddable":true,"href":"https:\/\/mc-netz.de\/cs\/wp-json\/wp\/v2\/comments?post=1700"}],"version-history":[{"count":3,"href":"https:\/\/mc-netz.de\/cs\/wp-json\/wp\/v2\/pages\/1700\/revisions"}],"predecessor-version":[{"id":1704,"href":"https:\/\/mc-netz.de\/cs\/wp-json\/wp\/v2\/pages\/1700\/revisions\/1704"}],"wp:attachment":[{"href":"https:\/\/mc-netz.de\/cs\/wp-json\/wp\/v2\/media?parent=1700"}],"curies":[{"name":"wp","href":"https:\/\/api.w.org\/{rel}","templated":true}]}}