{"id":1685,"date":"2023-11-28T09:53:04","date_gmt":"2023-11-28T08:53:04","guid":{"rendered":"https:\/\/mc-netz.de\/spolecne-cile-site\/"},"modified":"2024-01-08T13:58:34","modified_gmt":"2024-01-08T12:58:34","slug":"spolecne-cile-site","status":"publish","type":"page","link":"https:\/\/mc-netz.de\/cs\/spolecne-cile-site\/","title":{"rendered":"Spole\u010dn\u00e9 c\u00edle s\u00edt\u011b"},"content":{"rendered":"\t\t<div data-elementor-type=\"wp-page\" data-elementor-id=\"1685\" class=\"elementor elementor-1685 elementor-437\" data-elementor-post-type=\"page\">\n\t\t\t\t<div class=\"elementor-element elementor-element-5eab962 e-flex e-con-boxed e-con e-parent\" data-id=\"5eab962\" data-element_type=\"container\" data-e-type=\"container\">\n\t\t\t\t\t<div class=\"e-con-inner\">\n\t\t\t\t<div class=\"elementor-element elementor-element-e68bde1 elementor-widget elementor-widget-heading\" data-id=\"e68bde1\" data-element_type=\"widget\" data-e-type=\"widget\" data-widget_type=\"heading.default\">\n\t\t\t\t<div class=\"elementor-widget-container\">\n\t\t\t\t\t<h2 class=\"elementor-heading-title elementor-size-default\">Spole\u010dn\u00e9 c\u00edle s\u00edt\u011b<\/h2>\t\t\t\t<\/div>\n\t\t\t\t<\/div>\n\t\t\t\t<div class=\"elementor-element elementor-element-68dee1d elementor-widget-divider--view-line elementor-widget elementor-widget-divider\" data-id=\"68dee1d\" data-element_type=\"widget\" data-e-type=\"widget\" data-widget_type=\"divider.default\">\n\t\t\t\t<div class=\"elementor-widget-container\">\n\t\t\t\t\t\t\t<div class=\"elementor-divider\">\n\t\t\t<span class=\"elementor-divider-separator\">\n\t\t\t\t\t\t<\/span>\n\t\t<\/div>\n\t\t\t\t\t\t<\/div>\n\t\t\t\t<\/div>\n\t\t\t\t<div class=\"elementor-element elementor-element-67270cc elementor-widget elementor-widget-text-editor\" data-id=\"67270cc\" data-element_type=\"widget\" data-e-type=\"widget\" data-widget_type=\"text-editor.default\">\n\t\t\t\t<div class=\"elementor-widget-container\">\n\t\t\t\t\t\t\t\t\t<p>Spolupr\u00e1ce mezi partnery v regionu se m\u00e1 prost\u0159ednictv\u00edm s\u00edt\u011b zlep\u0161it a zintenzivnit. Mezi partnery, ale i mezi zam\u011bstnanci by m\u011bla prob\u00edhat dobr\u00e1 a \u017eiv\u00e1 v\u00fdm\u011bna zku\u0161enost\u00ed. Tato v\u00fdm\u011bna by se m\u011bla rozv\u00edjet ve v\u0161ech oblastech spole\u010dnosti, od \u0161kolitel\u016f a\u017e po v\u00fdvoj\u00e1\u0159e a person\u00e1ln\u00ed odd\u011blen\u00ed.<\/p>\n<\/p>\n<p>Spolupr\u00e1ce a vytv\u00e1\u0159en\u00ed s\u00edt\u00ed by m\u011bly rovn\u011b\u017e p\u0159isp\u011bt k zintenzivn\u011bn\u00ed v\u00fdm\u011bny a transferu mezi Vysokou \u0161kolou aplikovan\u00fdch v\u011bd v Regensburgu, Vysokou \u0161kolou aplikovan\u00fdch v\u011bd v Deggendorfu, Vysokou \u0161kolou aplikovan\u00fdch v\u011bd ve Weidenu\/Ambergu, dal\u0161\u00edmi univerzitami a v\u00fdzkumn\u00fdmi institucemi a partnery.<\/p>\n<\/p>\n<p>Projekt se zam\u011b\u0159uje na spolupr\u00e1ci v n\u00e1sleduj\u00edc\u00edch oblastech, p\u0159i\u010dem\u017e mechatronika je v ka\u017ed\u00e9m p\u0159\u00edpad\u011b v centru pozornosti: kvalifikace, v\u00fdzkum a v\u00fdvoj, marketing a dal\u0161\u00ed slu\u017eby. S postupn\u00fdm rozvojem s\u00edt\u011b vzniknou r\u016fzn\u00e9 spolupr\u00e1ce. C\u00edlem je vyv\u00edjet nov\u00e9 mechatronick\u00e9 v\u00fdrobky a zdokonalovat v\u00fdrobn\u00ed technologie a v\u00fdrobn\u00ed za\u0159\u00edzen\u00ed. Krom\u011b toho prob\u00edh\u00e1 spole\u010dn\u00fd v\u00fdvoj s univerzitami nebo partnery mimo region.<\/p>\n<\/p>\n<p>C\u00edlem je zintenzivnit spolupr\u00e1ci mezi jednotliv\u00fdmi partnery nap\u0159\u00ed\u010d odv\u011btv\u00edmi a spole\u010dnostmi, a t\u00edm dos\u00e1hnout udr\u017eiteln\u00e9ho pos\u00edlen\u00ed jednotliv\u00fdch spole\u010dnost\u00ed. Krom\u011b v\u00fdm\u011bny zku\u0161enost\u00ed v oblasti vzd\u011bl\u00e1v\u00e1n\u00ed m\u00e1 b\u00fdt vytvo\u0159en potenci\u00e1l pro \u00fasporu n\u00e1klad\u016f a zkr\u00e1cen\u00ed doby v\u00fdvoje. V r\u00e1mci marketingu a slu\u017eeb je s\u00ed\u0165 integrov\u00e1na do region\u00e1ln\u00edho marketingu okresu. Organizuj\u00ed se n\u00e1v\u0161t\u011bvy veletrh\u016f, zprost\u0159edkov\u00e1vaj\u00ed se kontakty atd. a t\u00edm se dosahuje rozhoduj\u00edc\u00edho zlep\u0161en\u00ed informovanosti o oboru mechatroniky a kompeten\u010dn\u00ed s\u00edt\u011b mechatroniky na region\u00e1ln\u00ed i celost\u00e1tn\u00ed \u00farovni.<\/p>\n<\/p>\n<p>S\u00ed\u0165 m\u00e1 d\u00e1le roz\u0161i\u0159ovat sv\u00e9 nadregion\u00e1ln\u00ed uzn\u00e1n\u00ed a v\u00fdznam prost\u0159ednictv\u00edm spole\u010dn\u00e9 spolupr\u00e1ce partner\u016f. Jako tzv. mechatronick\u00fd klastr m\u00e1 s\u00ed\u0165 p\u0159il\u00e1kat i dal\u0161\u00ed partnery pro spolupr\u00e1ci, z\u00e1kazn\u00edky a dodavatele, studenty a kvalifikovan\u00e9 odborn\u00edky. Za koordinaci a organizaci s\u00edt\u011b odpov\u00edd\u00e1 veden\u00ed projektu.<\/p><\/p>\n\t\t\t\t\t\t\t\t<\/div>\n\t\t\t\t<\/div>\n\t\t\t\t\t<\/div>\n\t\t\t\t<\/div>\n\t\t\t\t<\/div>\n\t\t","protected":false},"excerpt":{"rendered":"<p>Spole\u010dn\u00e9 c\u00edle s\u00edt\u011b Spolupr\u00e1ce mezi partnery v regionu se m\u00e1 prost\u0159ednictv\u00edm s\u00edt\u011b zlep\u0161it a zintenzivnit. Mezi partnery, ale i mezi zam\u011bstnanci by m\u011bla prob\u00edhat dobr\u00e1 a \u017eiv\u00e1 v\u00fdm\u011bna zku\u0161enost\u00ed. Tato v\u00fdm\u011bna by se m\u011bla rozv\u00edjet ve v\u0161ech oblastech spole\u010dnosti, od \u0161kolitel\u016f a\u017e po v\u00fdvoj\u00e1\u0159e a person\u00e1ln\u00ed odd\u011blen\u00ed. Spolupr\u00e1ce a vytv\u00e1\u0159en\u00ed s\u00edt\u00ed by m\u011bly rovn\u011b\u017e p\u0159isp\u011bt [&hellip;]<\/p>\n","protected":false},"author":1,"featured_media":0,"parent":0,"menu_order":0,"comment_status":"closed","ping_status":"closed","template":"","meta":{"_acf_changed":false,"footnotes":""},"class_list":["post-1685","page","type-page","status-publish","hentry"],"acf":[],"_links":{"self":[{"href":"https:\/\/mc-netz.de\/cs\/wp-json\/wp\/v2\/pages\/1685","targetHints":{"allow":["GET"]}}],"collection":[{"href":"https:\/\/mc-netz.de\/cs\/wp-json\/wp\/v2\/pages"}],"about":[{"href":"https:\/\/mc-netz.de\/cs\/wp-json\/wp\/v2\/types\/page"}],"author":[{"embeddable":true,"href":"https:\/\/mc-netz.de\/cs\/wp-json\/wp\/v2\/users\/1"}],"replies":[{"embeddable":true,"href":"https:\/\/mc-netz.de\/cs\/wp-json\/wp\/v2\/comments?post=1685"}],"version-history":[{"count":1,"href":"https:\/\/mc-netz.de\/cs\/wp-json\/wp\/v2\/pages\/1685\/revisions"}],"predecessor-version":[{"id":1688,"href":"https:\/\/mc-netz.de\/cs\/wp-json\/wp\/v2\/pages\/1685\/revisions\/1688"}],"wp:attachment":[{"href":"https:\/\/mc-netz.de\/cs\/wp-json\/wp\/v2\/media?parent=1685"}],"curies":[{"name":"wp","href":"https:\/\/api.w.org\/{rel}","templated":true}]}}