{"id":1672,"date":"2023-11-09T13:13:28","date_gmt":"2023-11-09T12:13:28","guid":{"rendered":"https:\/\/mc-netz.de\/sluzba\/"},"modified":"2024-01-08T13:58:29","modified_gmt":"2024-01-08T12:58:29","slug":"sluzba","status":"publish","type":"page","link":"https:\/\/mc-netz.de\/cs\/sluzba\/","title":{"rendered":"Slu\u017eba"},"content":{"rendered":"\t\t<div data-elementor-type=\"wp-page\" data-elementor-id=\"1672\" class=\"elementor elementor-1672 elementor-125\" data-elementor-post-type=\"page\">\n\t\t\t\t<div class=\"elementor-element elementor-element-487f1de e-flex e-con-boxed e-con e-parent\" data-id=\"487f1de\" data-element_type=\"container\" data-e-type=\"container\">\n\t\t\t\t\t<div class=\"e-con-inner\">\n\t\t\t\t<div class=\"elementor-element elementor-element-404a274 elementor-widget elementor-widget-heading\" data-id=\"404a274\" data-element_type=\"widget\" data-e-type=\"widget\" data-widget_type=\"heading.default\">\n\t\t\t\t<div class=\"elementor-widget-container\">\n\t\t\t\t\t<h2 class=\"elementor-heading-title elementor-size-default\">Nab\u00edz\u00edme v\u00e1m komplexn\u00ed nab\u00eddku slu\u017eeb<\/h2>\t\t\t\t<\/div>\n\t\t\t\t<\/div>\n\t\t\t\t\t<\/div>\n\t\t\t\t<\/div>\n\t\t<div class=\"elementor-element elementor-element-847b50e e-flex e-con-boxed e-con e-parent\" data-id=\"847b50e\" data-element_type=\"container\" data-e-type=\"container\">\n\t\t\t\t\t<div class=\"e-con-inner\">\n\t\t\t\t<div class=\"elementor-element elementor-element-cba2431 elementor-widget elementor-widget-heading\" data-id=\"cba2431\" data-element_type=\"widget\" data-e-type=\"widget\" data-widget_type=\"heading.default\">\n\t\t\t\t<div class=\"elementor-widget-container\">\n\t\t\t\t\t<h4 class=\"elementor-heading-title elementor-size-default\">Spoluprac\u00ed v s\u00edti lze optim\u00e1ln\u011b koordinovat \u00fakoly a spole\u010dn\u00e9 \u010dinnosti a dos\u00e1hnout synergick\u00fdch efekt\u016f. T\u00edm se \u0161et\u0159\u00ed person\u00e1l a n\u00e1klady jednotliv\u00fdch partner\u016f.<\/h4>\t\t\t\t<\/div>\n\t\t\t\t<\/div>\n\t\t\t\t\t<\/div>\n\t\t\t\t<\/div>\n\t\t<div class=\"elementor-element elementor-element-db975c0 e-flex e-con-boxed e-con e-parent\" data-id=\"db975c0\" data-element_type=\"container\" data-e-type=\"container\">\n\t\t\t\t\t<div class=\"e-con-inner\">\n\t\t\t\t<div class=\"elementor-element elementor-element-774894f elementor-widget elementor-widget-text-editor\" data-id=\"774894f\" data-element_type=\"widget\" data-e-type=\"widget\" data-widget_type=\"text-editor.default\">\n\t\t\t\t<div class=\"elementor-widget-container\">\n\t\t\t\t\t\t\t\t\t<p>D\u016fle\u017eit\u00fdm c\u00edlem proto bylo vytvo\u0159it racionalizovanou organiza\u010dn\u00ed strukturu, aby administrativn\u00ed n\u00e1klady na s\u00ed\u0165 byly co nejni\u017e\u0161\u00ed. Toho bylo pln\u011b dosa\u017eeno i v s\u00edti kompetenc\u00ed pro mechatroniku. Celou organizaci, koordinaci, vy\u00fa\u010dtov\u00e1n\u00ed dotac\u00ed, marketing, person\u00e1ln\u00ed a veletr\u017en\u00ed reklamu a kou\u010dink pro s\u00ed\u0165 zaji\u0161\u0165uje spole\u010dnost Wirtschaftsf\u00f6rderungsgesellschaft im Landkreis Cham mbH.<\/p>\n\t\t\t\t\t\t\t\t<\/div>\n\t\t\t\t<\/div>\n\t\t\t\t\t<\/div>\n\t\t\t\t<\/div>\n\t\t<div class=\"elementor-element elementor-element-185b435 e-flex e-con-boxed e-con e-parent\" data-id=\"185b435\" data-element_type=\"container\" data-e-type=\"container\">\n\t\t\t\t\t<div class=\"e-con-inner\">\n\t\t\t\t<div class=\"elementor-element elementor-element-1ec937d elementor-widget elementor-widget-ucaddon_uc_icon_accordion\" data-id=\"1ec937d\" data-element_type=\"widget\" data-e-type=\"widget\" data-widget_type=\"ucaddon_uc_icon_accordion.default\">\n\t\t\t\t<div class=\"elementor-widget-container\">\n\t\t\t\t\t\n<!-- start Icon Accordion -->\n\t\t<link id='font-awesome-css' href='https:\/\/mc-netz.de\/wp-content\/plugins\/unlimited-elements-for-elementor-premium\/assets_libraries\/font-awesome6\/fontawesome-all.min.css' type='text\/css' rel='stylesheet' >\n\t\t<link id='font-awesome-4-shim-css' href='https:\/\/mc-netz.de\/wp-content\/plugins\/unlimited-elements-for-elementor-premium\/assets_libraries\/font-awesome6\/fontawesome-v4-shims.min.css' type='text\/css' rel='stylesheet' >\n\n<style>\/* widget: Icon Accordion *\/\n\n#uc_uc_icon_accordion_elementor_1ec937d *{\n\tbox-sizing: border-box;\n}\n#uc_uc_icon_accordion_elementor_1ec937d .uc_container .uc-heading\n{\n\tcursor:pointer;\n    display:flex;\n    align-items:center;\n    transition:0.3s;\n}\n#uc_uc_icon_accordion_elementor_1ec937d .uc_container .uc-heading span.bbb\n{\n\tdisplay:block;\n\t\n}\n#uc_uc_icon_accordion_elementor_1ec937d .uc_ac_box.uc-item-active span.uc_dactive\n{\n\tdisplay:none;\n}\n#uc_uc_icon_accordion_elementor_1ec937d .uc_ac_box:not(.uc-item-active) span.uc_active\n{\n\tdisplay:none;\n}\n\n#uc_uc_icon_accordion_elementor_1ec937d .ue_icon_holder,\n#uc_uc_icon_accordion_elementor_1ec937d .ue_icon_spacing\n{\n  flex-grow:0;\n  flex-shrink:0; \n}\n#uc_uc_icon_accordion_elementor_1ec937d .uc_content{\n\tdisplay: none;\n}\n#uc_uc_icon_accordion_elementor_1ec937d .ue_icon\n{\n  display:flex;\n  justify-content:center;\n  align-items:center;\n  line-height:1em;\n  transition:0.3s;\n}\n\n#uc_uc_icon_accordion_elementor_1ec937d .ue_icon svg\n{\n  height:1em;\n  width:1em;\n}\n\n#uc_uc_icon_accordion_elementor_1ec937d .ue_expand_inside\n{\n  display:flex;\n  justify-content:center;\n  align-items:center;\n  line-height:1em;\n}\n\n#uc_uc_icon_accordion_elementor_1ec937d .ue_expand_inside svg\n{\n  height:1em;\n  width:1em;\n}\n\n#uc_uc_icon_accordion_elementor_1ec937d .ue_expand,\n#uc_uc_icon_accordion_elementor_1ec937d .ue_expand_spacing\n{\n  flex-grow:0;\n  flex-shrink:0;\n}\n\n#uc_uc_icon_accordion_elementor_1ec937d .ue_title\n{\n  flex-grow:1;\n}\n\n#uc_uc_icon_accordion_elementor_1ec937d .uc_ac_box:last-child\n{\n  margin-bottom:0px;\n}\n\n#uc_uc_icon_accordion_elementor_1ec937d .uc_ac_box\n{\n  overflow:hidden;\n}\n#uc_uc_icon_accordion_elementor_1ec937d_item1 .ue_icon\n{\n  background-color:;\n}\n\n#uc_uc_icon_accordion_elementor_1ec937d_item1 .ue-heading\n{\n  background-color:;\n}\n#uc_uc_icon_accordion_elementor_1ec937d_item2 .ue_icon\n{\n  background-color:;\n}\n\n#uc_uc_icon_accordion_elementor_1ec937d_item2 .ue-heading\n{\n  background-color:;\n}\n#uc_uc_icon_accordion_elementor_1ec937d_item3 .ue_icon\n{\n  background-color:;\n}\n\n#uc_uc_icon_accordion_elementor_1ec937d_item3 .ue-heading\n{\n  background-color:;\n}\n\n\n<\/style>\n\n<div class=\"uc_material_accordion \" id=\"uc_uc_icon_accordion_elementor_1ec937d\" data-name=\"\" data-closeothers=\"true\" >\n    \t<div class=\"uc_container\">\n            \n\n<div class=\"uc_ac_box \">\n  <div class=\"uc-heading uc_trigger\">\n    \n        \n    <div class=\"ue_title\">Wirtschaftsf\u00f6rderungsgesellschaft im Landkreis Cham mbH se ujala koordinace a moderov\u00e1n\u00ed s\u00edt\u011b spolu s veden\u00edm projektu, a to s n\u00e1sleduj\u00edc\u00edmi \u00fakoly:<\/div>\n    \n    \n        <div class=\"ue_expand_spacing\"><\/div>\n    <div class=\"ue_expand\">\n      <div class=\"ue_expand_inside\">\n      <span class=\"uc_dactive bbb ue_accordion_icon\" ><i class='fas fa-plus'><\/i><\/span>\n      <span class=\"uc_active bbb ue_accordion_icon\"><i class='fas fa-minus'><\/i><\/span>\n      <\/div>\n    <\/div>\n        \n  <\/div>\n  <!-- end of heading -->\n  \n  \n  <div class=\"uc_content\" >\n          <ul>\n<li>po\u0159\u00e1d\u00e1n\u00ed semin\u00e1\u0159\u016f a odborn\u00fdch f\u00f3r,<\/li>\n<li>\u00daprava v\u00fdm\u011bny informac\u00ed mezi partnery a univerzitami<\/li>\n<li>\u00da\u010dast na person\u00e1ln\u00edch a obchodn\u00edch veletrz\u00edch,<\/li>\n<li>Spole\u010dn\u00e9 marketingov\u00e9 kampan\u011b pro n\u00e1bor kvalifikovan\u00e9 pracovn\u00ed s\u00edly,<\/li>\n<li>Hled\u00e1n\u00ed synergick\u00e9ho potenci\u00e1lu v s\u00edti<\/li>\n<li>\u00da\u010dtov\u00e1n\u00ed opat\u0159en\u00ed a akc\u00ed<\/li>\n<li>pokud je to mo\u017en\u00e9, z\u00edsk\u00e1v\u00e1n\u00ed finan\u010dn\u00edch prost\u0159edk\u016f pro s\u00ed\u0165.<\/li>\n<\/ul>\n\n     \n    \n     \n    \n  <\/div>\n<\/div>\n\n\n<div class=\"uc_ac_box \">\n  <div class=\"uc-heading uc_trigger\">\n    \n        \n    <div class=\"ue_title\">Faktory \u00fasp\u011bchu s\u00edt\u011b<\/div>\n    \n    \n        <div class=\"ue_expand_spacing\"><\/div>\n    <div class=\"ue_expand\">\n      <div class=\"ue_expand_inside\">\n      <span class=\"uc_dactive bbb ue_accordion_icon\" ><i class='fas fa-plus'><\/i><\/span>\n      <span class=\"uc_active bbb ue_accordion_icon\"><i class='fas fa-minus'><\/i><\/span>\n      <\/div>\n    <\/div>\n        \n  <\/div>\n  <!-- end of heading -->\n  \n  \n  <div class=\"uc_content\" >\n          <ol>\n<li>Spole\u010dnosti v s\u00edti mus\u00ed do sebe zapadat<\/li>\n<li>D\u016fsledn\u00e9 vyu\u017e\u00edv\u00e1n\u00ed siln\u00fdch str\u00e1nek jednotliv\u00fdch partner\u016f s\u00edt\u011b a p\u0159edch\u00e1zen\u00ed<br \/>jednotlivec hled\u00ed pouze na svou v\u00fdhodu<\/li>\n<li>D\u016fv\u011bra mezi partnery v s\u00edti je rozhoduj\u00edc\u00edm faktorem \u00fasp\u011bchu.<\/li>\n<li>V\u00fdhody pro ka\u017ed\u00e9ho jednotlivce mus\u00ed b\u00fdt stanoveny individu\u00e1ln\u011b.<\/li>\n<li>V s\u00edt\u00edch se soust\u0159e\u010fte na akce, kter\u00e9 maj\u00ed nejv\u011bt\u0161\u00ed \u0161anci na \u00fasp\u011bch.<br \/>Pos\u00edlen\u00ed spolupr\u00e1ce mezi spole\u010dnostmi<\/li>\n<li>Pro \u00fasp\u011bch je rozhoduj\u00edc\u00ed respekt, ohleduplnost, up\u0159\u00edmnost, otev\u0159enost a porozum\u011bn\u00ed mezi partnery.<\/li>\n<li>Nez\u00e1visl\u00fd kou\u010d pro spr\u00e1vu a udr\u017een\u00ed s\u00edt\u011b je lep\u0161\u00ed zp\u016fsob, jak za\u010d\u00edt.<\/li>\n<li>\u00dasp\u011b\u0161n\u00e1 s\u00ed\u0165 vy\u017eaduje tak\u00e9 nad\u0161en\u00ed a odhodl\u00e1n\u00ed<\/li>\n<\/ol>\n<p><strong>\"S\u00ed\u0165 je jako vztah v man\u017eelstv\u00ed, pokud se neudr\u017euje, pokud neexistuje d\u016fv\u011bra a\/nebo pokud jedna osoba pouze vyu\u017e\u00edv\u00e1 tu druhou, je man\u017eelstv\u00ed odsouzeno k z\u00e1niku!\"<\/strong><\/p>\n\n     \n    \n     \n    \n  <\/div>\n<\/div>\n\n\n<div class=\"uc_ac_box \">\n  <div class=\"uc-heading uc_trigger\">\n    \n        \n    <div class=\"ue_title\">Slu\u017eby v s\u00edti mechatroniky<\/div>\n    \n    \n        <div class=\"ue_expand_spacing\"><\/div>\n    <div class=\"ue_expand\">\n      <div class=\"ue_expand_inside\">\n      <span class=\"uc_dactive bbb ue_accordion_icon\" ><i class='fas fa-plus'><\/i><\/span>\n      <span class=\"uc_active bbb ue_accordion_icon\"><i class='fas fa-minus'><\/i><\/span>\n      <\/div>\n    <\/div>\n        \n  <\/div>\n  <!-- end of heading -->\n  \n  \n  <div class=\"uc_content\" >\n          <ul>\n<li>Vyu\u017eit\u00ed ve\u0159ejn\u00fdch finan\u010dn\u00edch program\u016f pro \u010dleny (k dne\u0161n\u00edmu dni cca 7 milion\u016f EUR na dal\u0161\u00ed vzd\u011bl\u00e1vac\u00ed opat\u0159en\u00ed, v\u00fdzkumn\u00e9 a v\u00fdvojov\u00e9 projekty, vybaven\u00ed technologick\u00e9ho kampusu, konstrukci \u010dty\u0159noh\u00e9ho chod\u00edc\u00edho robota TRADINNO, ...).<\/li>\n<li>Pomoc a podpora \u010dlen\u016fm p\u0159i pod\u00e1v\u00e1n\u00ed \u017e\u00e1dost\u00ed o ve\u0159ejn\u00e9 programy financov\u00e1n\u00ed v\u00fdzkumu, v\u00fdvoje a investic.<\/li>\n<li>Koordinace a organizace dal\u0161\u00edho vzd\u011bl\u00e1v\u00e1n\u00ed zam\u011bstnanc\u016f \u010dlensk\u00fdch firem (nap\u0159. v oblasti AUKOM, CNC, CAD, robotiky, obr\u00e1b\u011bc\u00edch stroj\u016f, ....).<\/li>\n<li>Jedn\u00edm z tematick\u00fdch zam\u011b\u0159en\u00ed je vzd\u011bl\u00e1v\u00e1n\u00ed prost\u0159ednictv\u00edm s\u00edt\u011b \u0161kolen\u00ed v mechatronice, vytv\u00e1\u0159en\u00ed s\u00edt\u00ed \u0161kolic\u00edch firem, \u0161kolen\u00ed \u00fa\u010dastn\u00edk\u016f a z\u00edsk\u00e1v\u00e1n\u00ed \u00fa\u010dastn\u00edk\u016f.  <\/li>\n<li>Organizace tematicky zam\u011b\u0159en\u00fdch setk\u00e1n\u00ed s\u00edt\u011b pro v\u00fdm\u011bnu a navazov\u00e1n\u00ed kontakt\u016f mezi \u010dleny.<\/li>\n<li>Organizace a realizace region\u00e1ln\u00edch odborn\u00fdch f\u00f3r a mezin\u00e1rodn\u00edch odborn\u00fdch f\u00f3r (nap\u0159. obr\u00e1b\u011bc\u00ed stroje, pr\u016fmysl 4.0, metrologie, ...).<\/li>\n<li>Tematick\u00e1 podpora \u010dlen\u016f v oblasti lidsk\u00fdch zdroj\u016f, jako je budov\u00e1n\u00ed zna\u010dky zam\u011bstnavatele, akvizice, HR marketing, syst\u00e9my odm\u011b\u0148ov\u00e1n\u00ed prost\u0159ednictv\u00edm spole\u010dn\u00e9 pracovn\u00ed skupiny.<\/li>\n<li>Vytv\u00e1\u0159en\u00ed s\u00edt\u00ed, koordinace a spolupr\u00e1ce s technologick\u00fdm kampusem Cham v oblasti mechatroniky, automatiza\u010dn\u00ed techniky, v\u00fdrobn\u00ed technologie, digit\u00e1ln\u00ed tov\u00e1rny, \u0159\u00eddic\u00ed techniky a aditivn\u00ed v\u00fdroby (3D tisk).<\/li>\n<li>Pr\u00e1ce s obrazem na z\u00e1kladn\u00edch \u0161kol\u00e1ch, st\u0159edn\u00edch \u0161kol\u00e1ch, gymn\u00e1zi\u00edch a FOS\/BOS pro technick\u00e9 obory prost\u0159ednictv\u00edm r\u016fzn\u00fdch opat\u0159en\u00ed a projekt\u016f (nap\u0159. technika pro d\u011bti, roboti Mindstorm LEGO, kurzy CNC, kurzy elektroniky, ...).<\/li>\n<li>Financov\u00e1n\u00ed technick\u00e9ho vybaven\u00ed \u0161kol cca 100 000 \u20ac (CNC stroje, elektronick\u00e9 sk\u0159\u00edn\u011b, LEGO roboti, ...)<\/li>\n<li>\u017d\u00e1dosti o m\u00edsta pro du\u00e1ln\u00ed studium na \u0161kol\u00e1ch a um\u00edst\u011bn\u00ed z\u00e1jemc\u016f u \u010dlen\u016f<\/li>\n<li>Propagace firem p\u0159i n\u00e1boru zam\u011bstnanc\u016f na region\u00e1ln\u00edch veletrz\u00edch vysok\u00fdch \u0161kol (Regensburg, Deggendorf, Amberg-Weiden) a dal\u0161\u00edch person\u00e1ln\u00edch veletrz\u00edch (\u0161koly Eckert, ...) a um\u00edst\u011bn\u00ed student\u016f.<\/li>\n<li>Inzerce \u010dlen\u016f v nadregion\u00e1ln\u00edch tematick\u00fdch p\u0159\u00edloh\u00e1ch v region\u00e1ln\u00edch novin\u00e1ch, odborn\u00fdch \u010dasopisech nebo jin\u00fdch m\u00e9di\u00edch.<\/li>\n<li>Podpora p\u0159eshrani\u010dn\u00ed spolupr\u00e1ce s \u010ceskou republikou, Rakouskem a \u0160v\u00fdcarskem (hled\u00e1n\u00ed vhodn\u00fdch partner\u016f pro \u010dleny).<\/li>\n<li>\u00dazk\u00e9 zapojen\u00ed \u010dlen\u016f do strategick\u00e9ho a tematick\u00e9ho zam\u011b\u0159en\u00ed s\u00edt\u011b prost\u0159ednictv\u00edm otev\u0159en\u00e9 struktury s\u00edt\u011b.<\/li>\n<\/ul>\n\n     \n    \n     \n    \n  <\/div>\n<\/div>\n\n        <\/div>\n<\/div>\n<!-- end Icon Accordion -->\t\t\t\t<\/div>\n\t\t\t\t<\/div>\n\t\t\t\t\t<\/div>\n\t\t\t\t<\/div>\n\t\t\t\t<\/div>\n\t\t","protected":false},"excerpt":{"rendered":"<p>Nab\u00edz\u00edme v\u00e1m komplexn\u00ed nab\u00eddku slu\u017eeb Spoluprac\u00ed v s\u00edti lze optim\u00e1ln\u011b koordinovat \u00fakoly a spole\u010dn\u00e9 \u010dinnosti a dos\u00e1hnout synergick\u00fdch efekt\u016f. T\u00edm se \u0161et\u0159\u00ed person\u00e1l a n\u00e1klady jednotliv\u00fdch partner\u016f. D\u016fle\u017eit\u00fdm c\u00edlem proto bylo vytvo\u0159it racionalizovanou organiza\u010dn\u00ed strukturu, aby administrativn\u00ed n\u00e1klady na s\u00ed\u0165 byly co nejni\u017e\u0161\u00ed. Toho bylo pln\u011b dosa\u017eeno i v s\u00edti kompetenc\u00ed pro mechatroniku. Celou organizaci, [&hellip;]<\/p>\n","protected":false},"author":1,"featured_media":0,"parent":0,"menu_order":0,"comment_status":"closed","ping_status":"closed","template":"","meta":{"_acf_changed":false,"footnotes":""},"class_list":["post-1672","page","type-page","status-publish","hentry"],"acf":[],"_links":{"self":[{"href":"https:\/\/mc-netz.de\/cs\/wp-json\/wp\/v2\/pages\/1672","targetHints":{"allow":["GET"]}}],"collection":[{"href":"https:\/\/mc-netz.de\/cs\/wp-json\/wp\/v2\/pages"}],"about":[{"href":"https:\/\/mc-netz.de\/cs\/wp-json\/wp\/v2\/types\/page"}],"author":[{"embeddable":true,"href":"https:\/\/mc-netz.de\/cs\/wp-json\/wp\/v2\/users\/1"}],"replies":[{"embeddable":true,"href":"https:\/\/mc-netz.de\/cs\/wp-json\/wp\/v2\/comments?post=1672"}],"version-history":[{"count":1,"href":"https:\/\/mc-netz.de\/cs\/wp-json\/wp\/v2\/pages\/1672\/revisions"}],"predecessor-version":[{"id":1675,"href":"https:\/\/mc-netz.de\/cs\/wp-json\/wp\/v2\/pages\/1672\/revisions\/1675"}],"wp:attachment":[{"href":"https:\/\/mc-netz.de\/cs\/wp-json\/wp\/v2\/media?parent=1672"}],"curies":[{"name":"wp","href":"https:\/\/api.w.org\/{rel}","templated":true}]}}